{"id":1241,"date":"2023-09-06T07:48:55","date_gmt":"2023-09-06T07:48:55","guid":{"rendered":"https:\/\/llanticredit.com.mx\/index.php\/product\/euzkadi-47\/"},"modified":"2025-02-11T20:24:18","modified_gmt":"2025-02-11T20:24:18","slug":"euzkadi-47","status":"publish","type":"product","link":"https:\/\/llanticredit.com.mx\/index.php\/product\/euzkadi-47\/","title":{"rendered":"EUZKADI OVERLANDER HT2"},"content":{"rendered":"\t\t<div data-elementor-type=\"wp-post\" data-elementor-id=\"1241\" class=\"elementor elementor-1241\">\n\t\t\t\t\t\t<section class=\"elementor-section elementor-top-section elementor-element elementor-element-5ace6c10 elementor-section-boxed elementor-section-height-default elementor-section-height-default\" data-id=\"5ace6c10\" data-element_type=\"section\" data-e-type=\"section\">\n\t\t\t\t\t\t<div class=\"elementor-container elementor-column-gap-default\">\n\t\t\t\t\t<div class=\"elementor-column elementor-col-100 elementor-top-column elementor-element elementor-element-4f55b213\" data-id=\"4f55b213\" data-element_type=\"column\" data-e-type=\"column\">\n\t\t\t<div class=\"elementor-widget-wrap elementor-element-populated\">\n\t\t\t\t\t\t<div class=\"elementor-element elementor-element-d749bd7 elementor-widget elementor-widget-text-editor\" data-id=\"d749bd7\" data-element_type=\"widget\" data-e-type=\"widget\" data-widget_type=\"text-editor.default\">\n\t\t\t\t<div class=\"elementor-widget-container\">\n\t\t\t\t\t\t\t\t\t<h2><strong>EUZKADI OVERLANDER HT2\u00a0<\/strong><\/h2>\n<h2 class=\"cmp-title__text cmp-title-like-h1 \">MEDIDAS DISPONIBLES:<\/h2>\n<ul>\n \t<li style=\"list-style-type: none;\">\n<ul>\n \t<li>225\/60R18 100H<\/li>\n \t<li>265\/70R17 115S<\/li>\n \t<li>245\/65R17 107T<\/li>\n \t<li>235\/75R15 109T<\/li>\n \t<li>225\/65R17 106T<\/li>\n<\/ul>\n<\/li>\n<\/ul>\n<div class=\"benefits-standard__title-container\">\n<h2 class=\"benefits-standard__title\">Por qu\u00e9 elegir esta llanta<\/h2>\n<\/div>\n<div class=\"benefits-standard__benefits\">\n<ul class=\"benefits__container\">\n \t<li class=\"benefits__benefit\">Dise\u00f1o avanzado de la banda de rodaje &#8211; Brinda al usuario seguridad y confianza.<\/li>\n \t<li class=\"benefits__benefit\">Banda de rodaje dise\u00f1ada para las condiciones de M\u00e9xico<\/li>\n \t<li class=\"benefits__benefit\">Amplia capacidad de desalojo de agua &#8211; Gracias a su dise\u00f1o de canales.<\/li>\n \t<li class=\"benefits__benefit\">Precisi\u00f3n al manejo por su innovador dise\u00f1o<\/li>\n<\/ul>\nEl neum\u00e1tico <strong data-start=\"13\" data-end=\"39\">EUZKADI OVERLANDER HT2<\/strong> ofrece un equilibrio entre rendimiento y seguridad, destac\u00e1ndose por su <strong data-start=\"124\" data-end=\"145\">tracci\u00f3n superior<\/strong>, <strong data-start=\"147\" data-end=\"162\">durabilidad<\/strong>, <strong data-start=\"164\" data-end=\"189\">confort de conducci\u00f3n<\/strong> y <strong data-start=\"192\" data-end=\"221\">eficiencia de combustible<\/strong>. Ideal para todo tipo de veh\u00edculos, es la opci\u00f3n perfecta para quienes buscan un neum\u00e1tico resistente, c\u00f3modo y eficiente.\n\n<\/div>\t\t\t\t\t\t\t\t<\/div>\n\t\t\t\t<\/div>\n\t\t\t\t\t<\/div>\n\t\t<\/div>\n\t\t\t\t\t<\/div>\n\t\t<\/section>\n\t\t\t\t<section class=\"elementor-section elementor-top-section elementor-element elementor-element-addc8cf elementor-section-boxed elementor-section-height-default elementor-section-height-default\" data-id=\"addc8cf\" data-element_type=\"section\" data-e-type=\"section\">\n\t\t\t\t\t\t<div class=\"elementor-container elementor-column-gap-default\">\n\t\t\t\t\t<div class=\"elementor-column elementor-col-100 elementor-top-column elementor-element elementor-element-63974ff\" data-id=\"63974ff\" data-element_type=\"column\" data-e-type=\"column\">\n\t\t\t<div class=\"elementor-widget-wrap elementor-element-populated\">\n\t\t\t\t\t\t<section class=\"elementor-section elementor-inner-section elementor-element elementor-element-7bdfcb6 elementor-section-boxed elementor-section-height-default elementor-section-height-default\" data-id=\"7bdfcb6\" data-element_type=\"section\" data-e-type=\"section\">\n\t\t\t\t\t\t<div class=\"elementor-container elementor-column-gap-default\">\n\t\t\t\t\t<div class=\"elementor-column elementor-col-50 elementor-inner-column elementor-element elementor-element-5dd4091\" data-id=\"5dd4091\" data-element_type=\"column\" data-e-type=\"column\">\n\t\t\t<div class=\"elementor-widget-wrap\">\n\t\t\t\t\t\t\t<\/div>\n\t\t<\/div>\n\t\t\t\t<div class=\"elementor-column elementor-col-50 elementor-inner-column elementor-element elementor-element-79021b3\" data-id=\"79021b3\" data-element_type=\"column\" data-e-type=\"column\">\n\t\t\t<div class=\"elementor-widget-wrap\">\n\t\t\t\t\t\t\t<\/div>\n\t\t<\/div>\n\t\t\t\t\t<\/div>\n\t\t<\/section>\n\t\t\t\t\t<\/div>\n\t\t<\/div>\n\t\t\t\t\t<\/div>\n\t\t<\/section>\n\t\t\t\t<\/div>\n\t\t","protected":false},"excerpt":{"rendered":"<h2>Dise\u00f1ada para las condiciones de M\u00e9xico<\/h2>\n","protected":false},"featured_media":3230,"comment_status":"open","ping_status":"closed","template":"","meta":{"content-type":""},"product_brand":[],"product_cat":[62],"product_tag":[],"class_list":{"0":"post-1241","1":"product","2":"type-product","3":"status-publish","4":"has-post-thumbnail","6":"product_cat-euzkadi","8":"first","9":"instock","10":"shipping-taxable","11":"product-type-simple"},"yoast_head":"<!-- This site is optimized with the Yoast SEO plugin v26.6 - https:\/\/yoast.com\/wordpress\/plugins\/seo\/ -->\n<title>EUZKADI OVERLANDER HT2 - Llanticredit<\/title>\n<meta name=\"description\" content=\"El neum\u00e1tico EUZKADI OVERLANDER HT2 ofrece un equilibrio entre rendimiento y seguridad, destac\u00e1ndose por su tracci\u00f3n superior, durabilidad, confort de conducci\u00f3n y eficiencia de combustible. Ideal para todo tipo de veh\u00edculos, es la opci\u00f3n perfecta para quienes buscan un neum\u00e1tico resistente, c\u00f3modo y eficiente.\" \/>\n<meta name=\"robots\" content=\"index, follow, max-snippet:-1, max-image-preview:large, max-video-preview:-1\" \/>\n<link rel=\"canonical\" href=\"https:\/\/llanticredit.com.mx\/index.php\/product\/euzkadi-47\/\" \/>\n<meta property=\"og:locale\" content=\"es_MX\" \/>\n<meta property=\"og:type\" content=\"article\" \/>\n<meta property=\"og:title\" content=\"EUZKADI OVERLANDER HT2 - Llanticredit\" \/>\n<meta property=\"og:description\" content=\"El neum\u00e1tico EUZKADI OVERLANDER HT2 ofrece un equilibrio entre rendimiento y seguridad, destac\u00e1ndose por su tracci\u00f3n superior, durabilidad, confort de conducci\u00f3n y eficiencia de combustible. Ideal para todo tipo de veh\u00edculos, es la opci\u00f3n perfecta para quienes buscan un neum\u00e1tico resistente, c\u00f3modo y eficiente.\" \/>\n<meta property=\"og:url\" content=\"https:\/\/llanticredit.com.mx\/index.php\/product\/euzkadi-47\/\" \/>\n<meta property=\"og:site_name\" content=\"Llanticredit\" \/>\n<meta property=\"article:publisher\" content=\"https:\/\/www.facebook.com\/llanticredit\" \/>\n<meta property=\"article:modified_time\" content=\"2025-02-11T20:24:18+00:00\" \/>\n<meta property=\"og:image\" content=\"https:\/\/llanticredit.com.mx\/wp-content\/uploads\/2023\/09\/Overlander-HT2.png\" \/>\n\t<meta property=\"og:image:width\" content=\"1200\" \/>\n\t<meta property=\"og:image:height\" content=\"1200\" \/>\n\t<meta property=\"og:image:type\" content=\"image\/png\" \/>\n<meta name=\"twitter:card\" content=\"summary_large_image\" \/>\n<meta name=\"twitter:site\" content=\"@llanticredit\" \/>\n<script type=\"application\/ld+json\" class=\"yoast-schema-graph\">{\"@context\":\"https:\/\/schema.org\",\"@graph\":[{\"@type\":\"WebPage\",\"@id\":\"https:\/\/llanticredit.com.mx\/index.php\/product\/euzkadi-47\/\",\"url\":\"https:\/\/llanticredit.com.mx\/index.php\/product\/euzkadi-47\/\",\"name\":\"EUZKADI OVERLANDER HT2 - Llanticredit\",\"isPartOf\":{\"@id\":\"https:\/\/llanticredit.com.mx\/#website\"},\"primaryImageOfPage\":{\"@id\":\"https:\/\/llanticredit.com.mx\/index.php\/product\/euzkadi-47\/#primaryimage\"},\"image\":{\"@id\":\"https:\/\/llanticredit.com.mx\/index.php\/product\/euzkadi-47\/#primaryimage\"},\"thumbnailUrl\":\"https:\/\/llanticredit.com.mx\/wp-content\/uploads\/2023\/09\/Overlander-HT2.png\",\"datePublished\":\"2023-09-06T07:48:55+00:00\",\"dateModified\":\"2025-02-11T20:24:18+00:00\",\"description\":\"El neum\u00e1tico EUZKADI OVERLANDER HT2 ofrece un equilibrio entre rendimiento y seguridad, destac\u00e1ndose por su tracci\u00f3n superior, durabilidad, confort de conducci\u00f3n y eficiencia de combustible. Ideal para todo tipo de veh\u00edculos, es la opci\u00f3n perfecta para quienes buscan un neum\u00e1tico resistente, c\u00f3modo y eficiente.\",\"breadcrumb\":{\"@id\":\"https:\/\/llanticredit.com.mx\/index.php\/product\/euzkadi-47\/#breadcrumb\"},\"inLanguage\":\"es\",\"potentialAction\":[{\"@type\":\"ReadAction\",\"target\":[\"https:\/\/llanticredit.com.mx\/index.php\/product\/euzkadi-47\/\"]}]},{\"@type\":\"ImageObject\",\"inLanguage\":\"es\",\"@id\":\"https:\/\/llanticredit.com.mx\/index.php\/product\/euzkadi-47\/#primaryimage\",\"url\":\"https:\/\/llanticredit.com.mx\/wp-content\/uploads\/2023\/09\/Overlander-HT2.png\",\"contentUrl\":\"https:\/\/llanticredit.com.mx\/wp-content\/uploads\/2023\/09\/Overlander-HT2.png\",\"width\":1200,\"height\":1200},{\"@type\":\"BreadcrumbList\",\"@id\":\"https:\/\/llanticredit.com.mx\/index.php\/product\/euzkadi-47\/#breadcrumb\",\"itemListElement\":[{\"@type\":\"ListItem\",\"position\":1,\"name\":\"Home\",\"item\":\"https:\/\/llanticredit.com.mx\/\"},{\"@type\":\"ListItem\",\"position\":2,\"name\":\"Shop\",\"item\":\"https:\/\/llanticredit.com.mx\/index.php\/shop\/\"},{\"@type\":\"ListItem\",\"position\":3,\"name\":\"EUZKADI OVERLANDER HT2\"}]},{\"@type\":\"WebSite\",\"@id\":\"https:\/\/llanticredit.com.mx\/#website\",\"url\":\"https:\/\/llanticredit.com.mx\/\",\"name\":\"Llanticredit\",\"description\":\"\",\"publisher\":{\"@id\":\"https:\/\/llanticredit.com.mx\/#organization\"},\"potentialAction\":[{\"@type\":\"SearchAction\",\"target\":{\"@type\":\"EntryPoint\",\"urlTemplate\":\"https:\/\/llanticredit.com.mx\/?s={search_term_string}\"},\"query-input\":{\"@type\":\"PropertyValueSpecification\",\"valueRequired\":true,\"valueName\":\"search_term_string\"}}],\"inLanguage\":\"es\"},{\"@type\":\"Organization\",\"@id\":\"https:\/\/llanticredit.com.mx\/#organization\",\"name\":\"Llanticredit\",\"url\":\"https:\/\/llanticredit.com.mx\/\",\"logo\":{\"@type\":\"ImageObject\",\"inLanguage\":\"es\",\"@id\":\"https:\/\/llanticredit.com.mx\/#\/schema\/logo\/image\/\",\"url\":\"https:\/\/llanticredit.com.mx\/wp-content\/uploads\/2023\/05\/Llanticredit-LOGO.png\",\"contentUrl\":\"https:\/\/llanticredit.com.mx\/wp-content\/uploads\/2023\/05\/Llanticredit-LOGO.png\",\"width\":224,\"height\":56,\"caption\":\"Llanticredit\"},\"image\":{\"@id\":\"https:\/\/llanticredit.com.mx\/#\/schema\/logo\/image\/\"},\"sameAs\":[\"https:\/\/www.facebook.com\/llanticredit\",\"https:\/\/x.com\/llanticredit\",\"https:\/\/www.instagram.com\/llanticredit\"]}]}<\/script>\n<!-- \/ Yoast SEO plugin. -->","yoast_head_json":{"title":"EUZKADI OVERLANDER HT2 - Llanticredit","description":"El neum\u00e1tico EUZKADI OVERLANDER HT2 ofrece un equilibrio entre rendimiento y seguridad, destac\u00e1ndose por su tracci\u00f3n superior, durabilidad, confort de conducci\u00f3n y eficiencia de combustible. Ideal para todo tipo de veh\u00edculos, es la opci\u00f3n perfecta para quienes buscan un neum\u00e1tico resistente, c\u00f3modo y eficiente.","robots":{"index":"index","follow":"follow","max-snippet":"max-snippet:-1","max-image-preview":"max-image-preview:large","max-video-preview":"max-video-preview:-1"},"canonical":"https:\/\/llanticredit.com.mx\/index.php\/product\/euzkadi-47\/","og_locale":"es_MX","og_type":"article","og_title":"EUZKADI OVERLANDER HT2 - Llanticredit","og_description":"El neum\u00e1tico EUZKADI OVERLANDER HT2 ofrece un equilibrio entre rendimiento y seguridad, destac\u00e1ndose por su tracci\u00f3n superior, durabilidad, confort de conducci\u00f3n y eficiencia de combustible. Ideal para todo tipo de veh\u00edculos, es la opci\u00f3n perfecta para quienes buscan un neum\u00e1tico resistente, c\u00f3modo y eficiente.","og_url":"https:\/\/llanticredit.com.mx\/index.php\/product\/euzkadi-47\/","og_site_name":"Llanticredit","article_publisher":"https:\/\/www.facebook.com\/llanticredit","article_modified_time":"2025-02-11T20:24:18+00:00","og_image":[{"width":1200,"height":1200,"url":"https:\/\/llanticredit.com.mx\/wp-content\/uploads\/2023\/09\/Overlander-HT2.png","type":"image\/png"}],"twitter_card":"summary_large_image","twitter_site":"@llanticredit","schema":{"@context":"https:\/\/schema.org","@graph":[{"@type":"WebPage","@id":"https:\/\/llanticredit.com.mx\/index.php\/product\/euzkadi-47\/","url":"https:\/\/llanticredit.com.mx\/index.php\/product\/euzkadi-47\/","name":"EUZKADI OVERLANDER HT2 - Llanticredit","isPartOf":{"@id":"https:\/\/llanticredit.com.mx\/#website"},"primaryImageOfPage":{"@id":"https:\/\/llanticredit.com.mx\/index.php\/product\/euzkadi-47\/#primaryimage"},"image":{"@id":"https:\/\/llanticredit.com.mx\/index.php\/product\/euzkadi-47\/#primaryimage"},"thumbnailUrl":"https:\/\/llanticredit.com.mx\/wp-content\/uploads\/2023\/09\/Overlander-HT2.png","datePublished":"2023-09-06T07:48:55+00:00","dateModified":"2025-02-11T20:24:18+00:00","description":"El neum\u00e1tico EUZKADI OVERLANDER HT2 ofrece un equilibrio entre rendimiento y seguridad, destac\u00e1ndose por su tracci\u00f3n superior, durabilidad, confort de conducci\u00f3n y eficiencia de combustible. Ideal para todo tipo de veh\u00edculos, es la opci\u00f3n perfecta para quienes buscan un neum\u00e1tico resistente, c\u00f3modo y eficiente.","breadcrumb":{"@id":"https:\/\/llanticredit.com.mx\/index.php\/product\/euzkadi-47\/#breadcrumb"},"inLanguage":"es","potentialAction":[{"@type":"ReadAction","target":["https:\/\/llanticredit.com.mx\/index.php\/product\/euzkadi-47\/"]}]},{"@type":"ImageObject","inLanguage":"es","@id":"https:\/\/llanticredit.com.mx\/index.php\/product\/euzkadi-47\/#primaryimage","url":"https:\/\/llanticredit.com.mx\/wp-content\/uploads\/2023\/09\/Overlander-HT2.png","contentUrl":"https:\/\/llanticredit.com.mx\/wp-content\/uploads\/2023\/09\/Overlander-HT2.png","width":1200,"height":1200},{"@type":"BreadcrumbList","@id":"https:\/\/llanticredit.com.mx\/index.php\/product\/euzkadi-47\/#breadcrumb","itemListElement":[{"@type":"ListItem","position":1,"name":"Home","item":"https:\/\/llanticredit.com.mx\/"},{"@type":"ListItem","position":2,"name":"Shop","item":"https:\/\/llanticredit.com.mx\/index.php\/shop\/"},{"@type":"ListItem","position":3,"name":"EUZKADI OVERLANDER HT2"}]},{"@type":"WebSite","@id":"https:\/\/llanticredit.com.mx\/#website","url":"https:\/\/llanticredit.com.mx\/","name":"Llanticredit","description":"","publisher":{"@id":"https:\/\/llanticredit.com.mx\/#organization"},"potentialAction":[{"@type":"SearchAction","target":{"@type":"EntryPoint","urlTemplate":"https:\/\/llanticredit.com.mx\/?s={search_term_string}"},"query-input":{"@type":"PropertyValueSpecification","valueRequired":true,"valueName":"search_term_string"}}],"inLanguage":"es"},{"@type":"Organization","@id":"https:\/\/llanticredit.com.mx\/#organization","name":"Llanticredit","url":"https:\/\/llanticredit.com.mx\/","logo":{"@type":"ImageObject","inLanguage":"es","@id":"https:\/\/llanticredit.com.mx\/#\/schema\/logo\/image\/","url":"https:\/\/llanticredit.com.mx\/wp-content\/uploads\/2023\/05\/Llanticredit-LOGO.png","contentUrl":"https:\/\/llanticredit.com.mx\/wp-content\/uploads\/2023\/05\/Llanticredit-LOGO.png","width":224,"height":56,"caption":"Llanticredit"},"image":{"@id":"https:\/\/llanticredit.com.mx\/#\/schema\/logo\/image\/"},"sameAs":["https:\/\/www.facebook.com\/llanticredit","https:\/\/x.com\/llanticredit","https:\/\/www.instagram.com\/llanticredit"]}]}},"_links":{"self":[{"href":"https:\/\/llanticredit.com.mx\/index.php\/wp-json\/wp\/v2\/product\/1241","targetHints":{"allow":["GET"]}}],"collection":[{"href":"https:\/\/llanticredit.com.mx\/index.php\/wp-json\/wp\/v2\/product"}],"about":[{"href":"https:\/\/llanticredit.com.mx\/index.php\/wp-json\/wp\/v2\/types\/product"}],"replies":[{"embeddable":true,"href":"https:\/\/llanticredit.com.mx\/index.php\/wp-json\/wp\/v2\/comments?post=1241"}],"version-history":[{"count":6,"href":"https:\/\/llanticredit.com.mx\/index.php\/wp-json\/wp\/v2\/product\/1241\/revisions"}],"predecessor-version":[{"id":3235,"href":"https:\/\/llanticredit.com.mx\/index.php\/wp-json\/wp\/v2\/product\/1241\/revisions\/3235"}],"wp:featuredmedia":[{"embeddable":true,"href":"https:\/\/llanticredit.com.mx\/index.php\/wp-json\/wp\/v2\/media\/3230"}],"wp:attachment":[{"href":"https:\/\/llanticredit.com.mx\/index.php\/wp-json\/wp\/v2\/media?parent=1241"}],"wp:term":[{"taxonomy":"product_brand","embeddable":true,"href":"https:\/\/llanticredit.com.mx\/index.php\/wp-json\/wp\/v2\/product_brand?post=1241"},{"taxonomy":"product_cat","embeddable":true,"href":"https:\/\/llanticredit.com.mx\/index.php\/wp-json\/wp\/v2\/product_cat?post=1241"},{"taxonomy":"product_tag","embeddable":true,"href":"https:\/\/llanticredit.com.mx\/index.php\/wp-json\/wp\/v2\/product_tag?post=1241"}],"curies":[{"name":"wp","href":"https:\/\/api.w.org\/{rel}","templated":true}]}}